{"id":462,"date":"2026-04-02T16:02:14","date_gmt":"2026-04-02T16:02:14","guid":{"rendered":"https:\/\/nmsvlp.com\/wpdev\/?page_id=462"},"modified":"2026-04-16T12:28:15","modified_gmt":"2026-04-16T12:28:15","slug":"privacy","status":"publish","type":"page","link":"https:\/\/nmsvlp.com\/wpdev\/privacy\/","title":{"rendered":"Nea Mesa: informativa sulla privacy"},"content":{"rendered":"\n\t<section class=\"section\" id=\"section_943222732\">\n\t\t<div class=\"section-bg fill\" >\n\t\t\t\t\t\t\t\t\t\n\t\t\t\n\n\t\t<\/div>\n\n\t\t\n\n\t\t<div class=\"section-content relative\">\n\t\t\t\n<div class=\"row align-middle\"  id=\"row-241968463\">\n\n\t<div id=\"col-1705876165\" class=\"col small-12 large-12\"  >\n\t\t\t\t<div class=\"col-inner\"  >\n\t\t\t\n\t\t\t\n\t<div id=\"text-3670303912\" class=\"text\">\n\t\t\n<h2>Informativa sulla privacy e il trattamento dei dati personali<\/h2>\n\t\t\n<style>\n#text-3670303912 {\n  font-size: 2rem;\n  line-height: 0.75;\n  text-align: center;\n}\n<\/style>\n\t<\/div>\n\t\n<p>In questa pagina vengono descritte le modalit\u00e0 di gestione del sito internet raggiungibile all&#8217;indirizzo\u00a0<strong>neamesa.it<\/strong>\u00a0in riferimento al trattamento dei dati personali degli utenti che lo consultano.<\/p>\n<p>L&#8217;informativa non \u00e8 valida per altri siti web eventualmente consultabili attraverso i nostri links, di cui Nea Mesa Comunicazione snc di Fabio Bosso e Fiorella Sina non \u00e8 in alcun modo responsabile.<\/p>\n<p>Scopo della presente pagina \u00e8 fornire indicazioni circa le modalit\u00e0, i tempi e la natura delle informazioni che i titolari del trattamento devono fornire agli utenti al momento della connessione alle pagine web del sito neamesa.it, indipendentemente dagli scopi del collegamento stesso, secondo la legislazione Italiana ed Europea.<\/p>\n<p>L&#8217;informativa qui riportata pu\u00f2 subire modifiche a causa dell&#8217;introduzione dei nuove norme al riguardo, si invita pertanto l&#8217;utente a controllare periodicamente la presente pagina.<\/p>\n<h3>TRATTAMENTO DEI DATI<\/h3>\n<h4>Il Titolare del trattamento<\/h4>\n<p><em>Il Titolare del trattamento \u00e8 la persona fisica o giuridica, l&#8217;autorit\u00e0 pubblica, il servizio o altro organismo che, singolarmente o insieme ad altri, determina le finalit\u00e0 e i mezzi di trattamento di dati personali. Si occupa anche dei profili sulla sicurezza.<\/em><\/p>\n<p>Il Titolare del trattamento dei dati personali, relativi a persone identificate o identificabili trattati a seguito della consultazione del nostro sito, \u00e8<strong>\u00a0Nea Mesa Comunicazione snc di Fabio Bosso e Fiorella Sina<\/strong>\u00a0con sede in Via Goffredo Casalis, 5 a Torino.<\/p>\n<p><strong>Per ogni chiarimento o esercizio dei diritti gli utenti possono contattare il Titolare del trattamento al seguente indirizzo e-mail:\u00a0<a href=\"mailto:privacy@neamesa.it\">privacy@neamesa.it<\/a><\/strong><\/p>\n<h4>Luogo del trattamento dei dati<\/h4>\n<p>Il trattamento dei dati generato dall&#8217;utilizzo di neamesa.it avviene presso Nea Mesa Comunicazione snc di Fabio Bosso e Fiorella Sina, Via Goffredo Casalis, 5 -10143 Torino Italia.<br \/>\nI dati personali forniti dagli utenti che inoltrano richieste sono utilizzati<strong>\u00a0al solo fine di eseguire il servizio o la prestazione richiesta\u00a0<\/strong>e non sono comunicati a soggetti terzi salvo che la comunicazione sia imposta da obblighi di Legge o sia strettamente necessario per l&#8217;adempimento delle richieste.<\/p>\n<h4>Servizi esterni<\/h4>\n<p><strong>HOSTING<\/strong><br \/>\nL&#8217;Internet Service Provider che ospita il sito neamesa.it \u00e8\u00a0<strong>HOST spa<\/strong>, Corso Svizzera, 185 \u2013 10149 Torino (Privacy policy:\u00a0<a class=\"blank\" href=\"https:\/\/host.it\/privacy.jsp\">https:\/\/host.it\/privacy.jsp<\/a>).<\/p>\n<p><strong>STATISTICHE<\/strong><br \/>\nQuesto sito utilizza\u00a0<strong>Google Analytics GA4<\/strong>\u00a0(Privacy policy:\u00a0<a class=\"blank\" href=\"https:\/\/policies.google.com\/privacy?gl=IT&amp;hl=it\">https:\/\/policies.google.com\/privacy?gl=IT&amp;hl=it<\/a>) per raccogliere dati statistici in forma anonima (IP anonimizzato) e migliorare i servizi offerti.<\/p>\n<p><strong>NEWSLETTER<\/strong><br \/>\nAttraverso il sito nemesa.it \u00e8 possile iscriversi a una newsletter informativa, gestita attraverso la piattaforma\u00a0<strong>Mailchimp<\/strong>\u00a0(The Rocket Science Group \u2013 Privacy Policy:\u00a0<a class=\"blank\" href=\"https:\/\/mailchimp.com\/legal\/privacy\/\">https:\/\/mailchimp.com\/legal\/privacy<\/a>).<\/p>\n<h3>DATI TRATTATI<\/h3>\n<h4>Modalit\u00e0 del trattamento dei dati<\/h4>\n<h5>Dati acquisiti automaticamente<\/h5>\n<p>Come tutti i siti web anche il presente sito fa uso di\u00a0<strong>log files<\/strong>\u00a0nei quali vengono conservate informazioni raccolte in maniera automatizzata durante le visite degli utenti. Le informazioni raccolte potrebbero essere le seguenti:<br \/>\n&#8211; indirizzo internet protocol (IP);<br \/>\n&#8211; tipo di browser e parametri del dispositivo usato per connettersi al sito;<br \/>\n&#8211; nome dell&#8217;internet service provider (ISP);<br \/>\n&#8211; data e orario di visita;<br \/>\n&#8211; pagina web di provenienza del visitatore (referral) e di uscita;<br \/>\n&#8211; eventualmente il numero di click.<\/p>\n<p>Le suddette informazioni sono trattate in forma automatizzata e raccolte in forma esclusivamente aggregata al fine di verificare il corretto funzionamento del sito, e per motivi di sicurezza. Tali informazioni saranno trattate in base ai legittimi interessi del titolare.<\/p>\n<p>A fini di sicurezza (filtri antispam, firewall, rilevazione virus), i dati registrati automaticamente possono eventualmente comprendere anche dati personali come l&#8217;indirizzo Ip, che potrebbe essere utilizzato, conformemente alle Leggi vigenti in materia, al fine di bloccare tentativi di danneggiamento al sito medesimo o di recare danno ad altri utenti, o comunque attivit\u00e0 dannose o costituenti reato. Tali dati non sono mai utilizzati per l&#8217;identificazione o la profilazione dell&#8217;utente, ma solo a fini di tutela del sito e dei suoi utenti, tali informazioni saranno trattate in base ai legittimi interessi del titolare.<\/p>\n<h5>Dati inseriti dagli utenti<\/h5>\n<p>Nelle pagine del sito in cui gli utenti possono inserire commenti, oppure compilare e inviare moduli per specifiche richieste, ivi compresi la possibilit\u00e0 di inviare il Curriculum Vitae per un eventuale rapporto lavorativo o di richiedere preventivi, il sito rileva e registra alcuni dati identificativi dell&#8217;utente, compreso l&#8217;indirizzo mail.<br \/>\nDal blog \u00e8 altres\u00ec possibile iscriversi alla\u00a0<strong>newsletter &#8220;Media Volant&#8221;<\/strong>: i dati richiesti sono l&#8217;indirizzo email, il nome e il cognome dell&#8217;utente e la newseltter viene inviata solo ed esclusivamente per informare circa la pubblicazione di un nuovo post sul blog e, in casi eccezionali, per segnalare fatti di rilievo nel mondo informatico quali ad esempio la diffusione di virus particolarmente invasivi o di operazioni di phishing potenzialmente pericolose o ancora di nuove modalit\u00e0 di navigazione e utilizzo della rete. Attraverso la newsletter possono essere segnalati anche importanti aggiornamenti sulle condizioni di privacy e trattamento dati personali.<br \/>\nTali dati si intendono volontariamente forniti dall&#8217;utente al momento della richiesta di erogazione del servizio.<br \/>\nInserendo un commento o altra informazione o compilando un modulo di contatti\/richeista, l&#8217;utente deve accettare preventivamente l&#8217;informativa privacy.<br \/>\n<strong>I dati ricevuti verranno utilizzati esclusivamente per l&#8217;erogazione del servizio richiesto e per il solo tempo necessario per la fornitura del servizio.<\/strong><\/p>\n<p>Le informazioni che gli utenti del sito riterranno di rendere pubbliche tramite i servizi e gli strumenti messi a disposizione degli stessi, sono fornite dall&#8217;utente consapevolmente e volontariamente, esentando il presente sito da qualsiasi responsabilit\u00e0 in merito ad eventuali violazioni delle Leggi.<br \/>\nSpetta all&#8217;utente verificare di avere i permessi per l&#8217;immissione di dati personali di terzi o di contenuti tutelati dalle norme nazionali ed internazionali.<\/p>\n<h4>Finalit\u00e0 del trattamento dei dati<\/h4>\n<p>I dati raccolti dal sito durante il suo funzionamento sono utilizzati esclusivamente per le finalit\u00e0 sopra indicate e conservati per il tempo strettamente necessario a svolgere le attivit\u00e0 precisate.<\/p>\n<p>I dati utilizzati a fini di sicurezza (blocco tentativi di danneggiamento del sito) sono conservati per il tempo strettamente necessario al raggiungimento del fine anteriormente indicato.<\/p>\n<h4>Dati forniti volontariamente dagli utenti<\/h4>\n<p>Come sopra indicato, l&#8217;invio facoltativo, esplicito e volontario di posta elettronica agli indirizzi indicati su questo sito comporta la successiva acquisizione dell&#8217;indirizzo del mittente, necessario per rispondere alle richieste, nonch\u00e9 degli eventuali altri dati personali inseriti nella missiva. Specifiche informative di sintesi verranno progressivamente riportate o visualizzate nelle pagine del sito predisposte per particolari servizi a richiesta.<\/p>\n<h4>Facoltativit\u00e0 del conferimento dei dati<\/h4>\n<p>A parte quanto specificato per i dati di navigazione, l&#8217;utente \u00e8 libero di fornire i dati personali per richiedere i servizi offerti dalla societ\u00e0. Il loro mancato conferimento pu\u00f2 comportare l&#8217;impossibilit\u00e0 di ottenere il servizio richiesto.<\/p>\n<h4>Cookies<\/h4>\n<p>Questo sito utilizza i cookies; per conoscere nel dettaglio quali sono e con quali finalit\u00e0 vengono utilizzati, come disattivarli e come cancellarli dal proprio dispositivo di navigazione, consultare l\u2019<a href=\"https:\/\/nmsvlp.com\/wpdev\/cookie\/\">Informativa sull&#8217;utilizzo dei Cookie<\/a>.<\/p>\n<h3>DIRITTI DELL&#8217;UTENTE<\/h3>\n<p>L&#8217;art. 13, c. 2 del Regolamento UE 2016\/679 elenca i diritti dell&#8217;utente. Il sito neamesa.it intende pertanto informare l&#8217;utente sull&#8217;esistenza:<\/p>\n<ul>\n<li>del\u00a0<strong>diritto dell&#8217;interessato di chiedere al titolare l&#8217;accesso ai dati personali<\/strong>, il loro\u00a0<strong>aggiornamento<\/strong>, la\u00a0<strong>rettifica<\/strong>, l&#8217;<strong>integrazione<\/strong>\u00a0o la\u00a0<strong>limitazione del trattamento<\/strong>\u00a0che lo riguardino o di\u00a0<strong>opporsi<\/strong>, per motivi legittimi, al loro trattamento, oltre al\u00a0<strong>diritto alla portabilit\u00e0\u00a0<\/strong>dei dati;<\/li>\n<li>del\u00a0<strong>diritto di chiedere la cancellazione<\/strong>, la trasformazione in forma anonima o il blocco dei dati trattati in violazione di legge, compresi quelli di cui non \u00e8 necessaria la conservazione in relazione agli scopi per i quali i dati sono stati raccolti o successivamente trattati;<\/li>\n<li>del\u00a0<strong>diritto di ottenere l&#8217;attestazione<\/strong>\u00a0che le operazioni di aggiornamento, rettificazione, integrazione dei dati, cancellazione, blocco dei dati, trasformazione sono state portate a conoscenza, anche per quanto riguarda il loro contenuto, di coloro ai quali i dati sono stati comunicati o diffusi, eccettuato il caso in cui tale adempimento si rivela impossibile o comporta un impiego di mezzi manifestamente sproporzionato rispetto al diritto tutelato;<\/li>\n<\/ul>\n<p>Le richieste possono essere indirizzate al Titolare del trattamento, senza formalit\u00e0 o, in alternativa, utilizzando il modello previsto dal Garante per la Protezione dei Dati Personali, o<strong>\u00a0inviando una mail all&#8217;indirizzo:\u00a0<a href=\"mailto:privacy@neamesa.it\">privacy@neamesa.it<\/a><\/strong>.<br \/>\nSe l&#8217;utente ha inserito uno o pi\u00f9 commenti sul blog &#8220;Nuovi Media, istruzioni per l&#8217;uso&#8221; raggiungibile a partire dell&#8217;indirizzo www.neamesa.it\/blog<strong>\u00a0pu\u00f2 accedere ai dati inseriti, scaricarli e richiederne la cancellazione collegandosi direttamente a\u00a0<a class=\"blank\" href=\"http:\/\/www.neamesa.it\/blog\/gdpr-richiedi-dati-personali\/\">questa pagina<\/a><\/strong>.<\/p>\n<h3>SICUREZZA DEI DATI FORNITI<\/h3>\n<p>Il presente sito tratta i dati degli utenti in maniera lecita e corretta, adottando le opportune misure di sicurezza volte ad impedire accessi non autorizzati, divulgazione, modifica o distruzione non autorizzata dei dati. Il trattamento viene effettuato mediante strumenti informatici e\/o telematici, con modalit\u00e0 organizzative e con logiche strettamente correlate alle finalit\u00e0 indicate.<\/p>\n<p>Oltre al Titolare, in alcuni casi, potrebbero avere accesso ai dati categorie di incaricati coinvolti nell&#8217;organizzazione del sito (personale amministrativo, commerciale, marketing, legali, amministratori di sistema) ovvero soggetti esterni (come fornitori di servizi tecnici terzi, corrieri postali, hosting provider, societ\u00e0 informatiche, agenzie di comunicazione).<\/p>\n<p>Il presente documento, pubblicato all&#8217;indirizzo www.neamesa.it\/privacy.html costituisce la privacy policy di questo sito, del blog facente parte del sito stesso e di tutti i servizi raggiungibili e fruibili sul dominio neamesa.it.<br \/>\nEsso pu\u00f2 essere soggetto a modifiche o aggiornamenti. Si invitano gli utenti a consultare periodicamente la presente pagina per essere sempre aggiornati sulle ultime novit\u00e0 legislative.<\/p>\n<p>Data di pubblicazione:<strong>\u00a024\/05\/2024<\/strong><\/p>\n\t\t<\/div>\n\t\t\t\t\t<\/div>\n\n\t\n<\/div>\n\t\t<\/div>\n\n\t\t\n<style>\n#section_943222732 {\n  padding-top: 30px;\n  padding-bottom: 30px;\n}\n<\/style>\n\t<\/section>\n\t\n","protected":false},"excerpt":{"rendered":"","protected":false},"author":1,"featured_media":0,"parent":0,"menu_order":0,"comment_status":"closed","ping_status":"closed","template":"page-blank.php","meta":{"footnotes":""},"class_list":["post-462","page","type-page","status-publish","hentry"],"yoast_head":"<!-- This site is optimized with the Yoast SEO plugin v27.4 - https:\/\/yoast.com\/product\/yoast-seo-wordpress\/ -->\n<title>Informativa sulla privacy web agency Torino Nea Mesa Comunicazion<\/title>\n<meta name=\"description\" content=\"Realizzazione siti internet, web design personalizzato, comunicazione integrata, mobile application. Professionisti dei nuovi media a Torino.\" \/>\n<meta name=\"robots\" content=\"noindex, follow\" \/>\n<meta property=\"og:locale\" content=\"it_IT\" \/>\n<meta property=\"og:type\" content=\"article\" \/>\n<meta property=\"og:title\" content=\"Informativa sulla privacy web agency Torino Nea Mesa Comunicazion\" \/>\n<meta property=\"og:description\" content=\"Realizzazione siti internet, web design personalizzato, comunicazione integrata, mobile application. Professionisti dei nuovi media a Torino.\" \/>\n<meta property=\"og:url\" content=\"https:\/\/nmsvlp.com\/wpdev\/privacy\/\" \/>\n<meta property=\"og:site_name\" content=\"Installazione wp\" \/>\n<meta property=\"article:publisher\" content=\"http:\/\/www.facebook.com\/neamesa\" \/>\n<meta property=\"article:modified_time\" content=\"2026-04-16T12:28:15+00:00\" \/>\n<meta property=\"og:image\" content=\"https:\/\/nmsvlp.com\/wpdev\/wp-content\/uploads\/2026\/04\/iconea.png\" \/>\n\t<meta property=\"og:image:width\" content=\"512\" \/>\n\t<meta property=\"og:image:height\" content=\"512\" \/>\n\t<meta property=\"og:image:type\" content=\"image\/png\" \/>\n<meta name=\"twitter:card\" content=\"summary_large_image\" \/>\n<meta name=\"twitter:label1\" content=\"Tempo di lettura stimato\" \/>\n\t<meta name=\"twitter:data1\" content=\"8 minuti\" \/>\n<script type=\"application\/ld+json\" class=\"yoast-schema-graph\">{\"@context\":\"https:\\\/\\\/schema.org\",\"@graph\":[{\"@type\":\"WebPage\",\"@id\":\"https:\\\/\\\/nmsvlp.com\\\/wpdev\\\/privacy\\\/\",\"url\":\"https:\\\/\\\/nmsvlp.com\\\/wpdev\\\/privacy\\\/\",\"name\":\"Informativa sulla privacy web agency Torino Nea Mesa Comunicazion\",\"isPartOf\":{\"@id\":\"https:\\\/\\\/nmsvlp.com\\\/wpdev\\\/#website\"},\"datePublished\":\"2026-04-02T16:02:14+00:00\",\"dateModified\":\"2026-04-16T12:28:15+00:00\",\"description\":\"Realizzazione siti internet, web design personalizzato, comunicazione integrata, mobile application. Professionisti dei nuovi media a Torino.\",\"breadcrumb\":{\"@id\":\"https:\\\/\\\/nmsvlp.com\\\/wpdev\\\/privacy\\\/#breadcrumb\"},\"inLanguage\":\"it-IT\",\"potentialAction\":[{\"@type\":\"ReadAction\",\"target\":[\"https:\\\/\\\/nmsvlp.com\\\/wpdev\\\/privacy\\\/\"]}]},{\"@type\":\"BreadcrumbList\",\"@id\":\"https:\\\/\\\/nmsvlp.com\\\/wpdev\\\/privacy\\\/#breadcrumb\",\"itemListElement\":[{\"@type\":\"ListItem\",\"position\":1,\"name\":\"Home\",\"item\":\"https:\\\/\\\/nmsvlp.com\\\/wpdev\\\/\"},{\"@type\":\"ListItem\",\"position\":2,\"name\":\"Nea Mesa: informativa sulla privacy\"}]},{\"@type\":\"WebSite\",\"@id\":\"https:\\\/\\\/nmsvlp.com\\\/wpdev\\\/#website\",\"url\":\"https:\\\/\\\/nmsvlp.com\\\/wpdev\\\/\",\"name\":\"Nea Mesa comunicazione web agency Torino\",\"description\":\"\",\"publisher\":{\"@id\":\"https:\\\/\\\/nmsvlp.com\\\/wpdev\\\/#organization\"},\"potentialAction\":[{\"@type\":\"SearchAction\",\"target\":{\"@type\":\"EntryPoint\",\"urlTemplate\":\"https:\\\/\\\/nmsvlp.com\\\/wpdev\\\/?s={search_term_string}\"},\"query-input\":{\"@type\":\"PropertyValueSpecification\",\"valueRequired\":true,\"valueName\":\"search_term_string\"}}],\"inLanguage\":\"it-IT\"},{\"@type\":\"Organization\",\"@id\":\"https:\\\/\\\/nmsvlp.com\\\/wpdev\\\/#organization\",\"name\":\"Nea Mesa Comunicazione Torino\",\"url\":\"https:\\\/\\\/nmsvlp.com\\\/wpdev\\\/\",\"logo\":{\"@type\":\"ImageObject\",\"inLanguage\":\"it-IT\",\"@id\":\"https:\\\/\\\/nmsvlp.com\\\/wpdev\\\/#\\\/schema\\\/logo\\\/image\\\/\",\"url\":\"https:\\\/\\\/nmsvlp.com\\\/wpdev\\\/wp-content\\\/uploads\\\/2026\\\/04\\\/logo-nea-mesa.png\",\"contentUrl\":\"https:\\\/\\\/nmsvlp.com\\\/wpdev\\\/wp-content\\\/uploads\\\/2026\\\/04\\\/logo-nea-mesa.png\",\"width\":594,\"height\":235,\"caption\":\"Nea Mesa Comunicazione Torino\"},\"image\":{\"@id\":\"https:\\\/\\\/nmsvlp.com\\\/wpdev\\\/#\\\/schema\\\/logo\\\/image\\\/\"},\"sameAs\":[\"http:\\\/\\\/www.facebook.com\\\/neamesa\",\"https:\\\/\\\/www.instagram.com\\\/neamesa_web\\\/\",\"http:\\\/\\\/www.linkedin.com\\\/company\\\/nea-mesa-comunicazione\",\"https:\\\/\\\/www.youtube.com\\\/@neamesa_web\"]}]}<\/script>\n<!-- \/ Yoast SEO plugin. -->","yoast_head_json":{"title":"Informativa sulla privacy web agency Torino Nea Mesa Comunicazion","description":"Realizzazione siti internet, web design personalizzato, comunicazione integrata, mobile application. Professionisti dei nuovi media a Torino.","robots":{"index":"noindex","follow":"follow"},"og_locale":"it_IT","og_type":"article","og_title":"Informativa sulla privacy web agency Torino Nea Mesa Comunicazion","og_description":"Realizzazione siti internet, web design personalizzato, comunicazione integrata, mobile application. Professionisti dei nuovi media a Torino.","og_url":"https:\/\/nmsvlp.com\/wpdev\/privacy\/","og_site_name":"Installazione wp","article_publisher":"http:\/\/www.facebook.com\/neamesa","article_modified_time":"2026-04-16T12:28:15+00:00","og_image":[{"width":512,"height":512,"url":"https:\/\/nmsvlp.com\/wpdev\/wp-content\/uploads\/2026\/04\/iconea.png","type":"image\/png"}],"twitter_card":"summary_large_image","twitter_misc":{"Tempo di lettura stimato":"8 minuti"},"schema":{"@context":"https:\/\/schema.org","@graph":[{"@type":"WebPage","@id":"https:\/\/nmsvlp.com\/wpdev\/privacy\/","url":"https:\/\/nmsvlp.com\/wpdev\/privacy\/","name":"Informativa sulla privacy web agency Torino Nea Mesa Comunicazion","isPartOf":{"@id":"https:\/\/nmsvlp.com\/wpdev\/#website"},"datePublished":"2026-04-02T16:02:14+00:00","dateModified":"2026-04-16T12:28:15+00:00","description":"Realizzazione siti internet, web design personalizzato, comunicazione integrata, mobile application. Professionisti dei nuovi media a Torino.","breadcrumb":{"@id":"https:\/\/nmsvlp.com\/wpdev\/privacy\/#breadcrumb"},"inLanguage":"it-IT","potentialAction":[{"@type":"ReadAction","target":["https:\/\/nmsvlp.com\/wpdev\/privacy\/"]}]},{"@type":"BreadcrumbList","@id":"https:\/\/nmsvlp.com\/wpdev\/privacy\/#breadcrumb","itemListElement":[{"@type":"ListItem","position":1,"name":"Home","item":"https:\/\/nmsvlp.com\/wpdev\/"},{"@type":"ListItem","position":2,"name":"Nea Mesa: informativa sulla privacy"}]},{"@type":"WebSite","@id":"https:\/\/nmsvlp.com\/wpdev\/#website","url":"https:\/\/nmsvlp.com\/wpdev\/","name":"Nea Mesa comunicazione web agency Torino","description":"","publisher":{"@id":"https:\/\/nmsvlp.com\/wpdev\/#organization"},"potentialAction":[{"@type":"SearchAction","target":{"@type":"EntryPoint","urlTemplate":"https:\/\/nmsvlp.com\/wpdev\/?s={search_term_string}"},"query-input":{"@type":"PropertyValueSpecification","valueRequired":true,"valueName":"search_term_string"}}],"inLanguage":"it-IT"},{"@type":"Organization","@id":"https:\/\/nmsvlp.com\/wpdev\/#organization","name":"Nea Mesa Comunicazione Torino","url":"https:\/\/nmsvlp.com\/wpdev\/","logo":{"@type":"ImageObject","inLanguage":"it-IT","@id":"https:\/\/nmsvlp.com\/wpdev\/#\/schema\/logo\/image\/","url":"https:\/\/nmsvlp.com\/wpdev\/wp-content\/uploads\/2026\/04\/logo-nea-mesa.png","contentUrl":"https:\/\/nmsvlp.com\/wpdev\/wp-content\/uploads\/2026\/04\/logo-nea-mesa.png","width":594,"height":235,"caption":"Nea Mesa Comunicazione Torino"},"image":{"@id":"https:\/\/nmsvlp.com\/wpdev\/#\/schema\/logo\/image\/"},"sameAs":["http:\/\/www.facebook.com\/neamesa","https:\/\/www.instagram.com\/neamesa_web\/","http:\/\/www.linkedin.com\/company\/nea-mesa-comunicazione","https:\/\/www.youtube.com\/@neamesa_web"]}]}},"_links":{"self":[{"href":"https:\/\/nmsvlp.com\/wpdev\/wp-json\/wp\/v2\/pages\/462","targetHints":{"allow":["GET"]}}],"collection":[{"href":"https:\/\/nmsvlp.com\/wpdev\/wp-json\/wp\/v2\/pages"}],"about":[{"href":"https:\/\/nmsvlp.com\/wpdev\/wp-json\/wp\/v2\/types\/page"}],"author":[{"embeddable":true,"href":"https:\/\/nmsvlp.com\/wpdev\/wp-json\/wp\/v2\/users\/1"}],"replies":[{"embeddable":true,"href":"https:\/\/nmsvlp.com\/wpdev\/wp-json\/wp\/v2\/comments?post=462"}],"version-history":[{"count":6,"href":"https:\/\/nmsvlp.com\/wpdev\/wp-json\/wp\/v2\/pages\/462\/revisions"}],"predecessor-version":[{"id":584,"href":"https:\/\/nmsvlp.com\/wpdev\/wp-json\/wp\/v2\/pages\/462\/revisions\/584"}],"wp:attachment":[{"href":"https:\/\/nmsvlp.com\/wpdev\/wp-json\/wp\/v2\/media?parent=462"}],"curies":[{"name":"wp","href":"https:\/\/api.w.org\/{rel}","templated":true}]}}